{"id":968,"date":"2025-06-24T11:42:00","date_gmt":"2025-06-24T14:42:00","guid":{"rendered":"https:\/\/geoexperiences.com\/experiences\/gastronomic-experience-at-maido-lima-peru\/"},"modified":"2025-09-17T16:55:02","modified_gmt":"2025-09-17T19:55:02","slug":"gastronomic-experience-at-maido-lima-peru","status":"publish","type":"product","link":"https:\/\/geoexperiences.com\/es\/experiences\/gastronomic-experience-at-maido-lima-peru\/","title":{"rendered":"Experiencia Gastron\u00f3mica en Maido"},"content":{"rendered":"<p>Una celebraci\u00f3n \u00fanica de la cocina Nikkei junto al mejor chef del mundo.<\/p>\n<p>En el coraz\u00f3n de Lima, capital culinaria de Latinoam\u00e9rica, se encuentra Maido, reconocido en 2025 como el mejor restaurante del mundo por The World\u2019s 50 Best Restaurants. Dirigido por el renombrado chef Mitsuharu \u201cMicha\u201d Tsumura, ahora consagrado como el mejor chef a nivel global, Maido es mucho m\u00e1s que un destino gastron\u00f3mico: es una experiencia transformadora.<br \/>\nEste \u00edcono de la cocina Nikkei, una refinada fusi\u00f3n de tradiciones culinarias japonesas y peruanas, ofrece un viaje sensorial verdaderamente inigualable. En un entorno sofisticado, donde cada detalle est\u00e1 meticulosamente cuidado, los comensales disfrutan de una propuesta gastron\u00f3mica que trasciende lo culinario. El propio chef Tsumura presenta el men\u00fa en cada mesa, compartiendo la inspiraci\u00f3n, las historias y los secretos detr\u00e1s de cada creaci\u00f3n, convirtiendo la cena en una representaci\u00f3n \u00edntima y profundamente conmovedora.<\/p>\n<p class=\"translation-block\">La experiencia incluye:<br>\n\u25cf Cena exclusiva en Maido para un grupo selecto de invitados.<br>\n\u25cf Men\u00fa degustaci\u00f3n Nikkei cuidadosamente elaborado por el chef Mitsuharu Tsumura.<br>\n\u25cf Maridaje premium opcional con una cuidada selecci\u00f3n de vinos o sakes.<br>\n\u25cf Posibilidad de incluir una presentaci\u00f3n del chef o una visita culinaria guiada por el equipo de cocina.<br>\n\u25cf Servicio personalizado y detalles \u00fanicos que realzan cada momento de la experiencia.<\/p>","protected":false},"excerpt":{"rendered":"<p>A unique celebration of Nikkei cuisine alongside the world\u2019s best chef. In the heart of Lima, Latin America\u2019s culinary capital, lies Maido, named in 2025 as the best restaurant in the world by The World\u2019s 50 Best Restaurants. Led by the renowned chef Mitsuharu \u201cMicha\u201d Tsumura, now recognized as the top chef globally, Maido is [&#8230;]","protected":false},"featured_media":978,"comment_status":"open","ping_status":"closed","template":"","meta":[],"product_brand":[],"product_cat":[24],"product_tag":[],"class_list":{"0":"post-968","1":"product","2":"type-product","3":"status-publish","4":"has-post-thumbnail","6":"product_cat-culinary","8":"first","9":"outofstock","10":"taxable","11":"shipping-taxable","12":"product-type-simple"},"_links":{"self":[{"href":"https:\/\/geoexperiences.com\/es\/wp-json\/wp\/v2\/product\/968","targetHints":{"allow":["GET"]}}],"collection":[{"href":"https:\/\/geoexperiences.com\/es\/wp-json\/wp\/v2\/product"}],"about":[{"href":"https:\/\/geoexperiences.com\/es\/wp-json\/wp\/v2\/types\/product"}],"replies":[{"embeddable":true,"href":"https:\/\/geoexperiences.com\/es\/wp-json\/wp\/v2\/comments?post=968"}],"wp:featuredmedia":[{"embeddable":true,"href":"https:\/\/geoexperiences.com\/es\/wp-json\/wp\/v2\/media\/978"}],"wp:attachment":[{"href":"https:\/\/geoexperiences.com\/es\/wp-json\/wp\/v2\/media?parent=968"}],"wp:term":[{"taxonomy":"product_brand","embeddable":true,"href":"https:\/\/geoexperiences.com\/es\/wp-json\/wp\/v2\/product_brand?post=968"},{"taxonomy":"product_cat","embeddable":true,"href":"https:\/\/geoexperiences.com\/es\/wp-json\/wp\/v2\/product_cat?post=968"},{"taxonomy":"product_tag","embeddable":true,"href":"https:\/\/geoexperiences.com\/es\/wp-json\/wp\/v2\/product_tag?post=968"}],"curies":[{"name":"wp","href":"https:\/\/api.w.org\/{rel}","templated":true}]}}