{"id":578,"date":"2025-04-09T12:11:00","date_gmt":"2025-04-09T15:11:00","guid":{"rendered":"https:\/\/thebermuda.com\/projects\/geo\/?post_type=product&#038;p=578"},"modified":"2025-09-17T16:54:39","modified_gmt":"2025-09-17T19:54:39","slug":"three-days-in-mendoza-wine-scenery-and-haute-cuisine","status":"publish","type":"product","link":"https:\/\/geoexperiences.com\/es\/experiences\/three-days-in-mendoza-wine-scenery-and-haute-cuisine\/","title":{"rendered":"Descubr\u00ed Mendoza en Exclusiva"},"content":{"rendered":"<p>Tres d\u00edas en Mendoza para vivir una experiencia exclusiva de vino, paisaje y gastronom\u00eda. La estad\u00eda es en La Morada, una finca boutique en el coraz\u00f3n del Valle de Uco, con vistas a la cordillera y atenci\u00f3n personalizada. La experiencia incluye traslados privados desde y hacia el aeropuerto, y movilidad seg\u00fan agenda. El primer d\u00eda concluye con una cena en el hotel. El segundo d\u00eda comienza con un almuerzo en Piedra Infinita, bodega \u00edcono de Zuccardi, seguido de una cata dirigida por el reconocido sommelier Andr\u00e9s Rosberg y cena privada en La Morada. El tercer d\u00eda ofrece un almuerzo en Ruda, cocina de autor con identidad local, y cierra con una degustaci\u00f3n y cena en Crux Cocina, en la bodega Alfa Crux. Un viaje pensado al detalle para quienes buscan lo mejor del vino argentino, en un entorno natural y sofisticado.<\/p>\n<p><strong>La experiencia incluye:<\/strong><\/p>\n<ul>\n<li>3 noches de alojamiento en La Morada<\/li>\n<li>Traslado In &amp; Out, y en destino de acuerdo con la agenda<\/li>\n<li>2 cenas en la Morada &amp; cata dirigida por el sommelier Andr\u00e9s Rosberg<\/li>\n<li>Almuerzo en la Piedra Infinita &amp; Ruda cocina<\/li>\n<li>Cena en Crux cocina<\/li>\n<\/ul>","protected":false},"excerpt":{"rendered":"<p>Three days in Mendoza to enjoy an exclusive experience of wine, landscape, and gastronomy. The stay is at La Morada, a boutique estate in the heart of the Uco Valley, with views of the Andes and personalized attention. The experience includes private transfers to and from the airport, plus transportation according to the itinerary. Day [&#8230;]","protected":false},"featured_media":585,"comment_status":"open","ping_status":"closed","template":"","meta":[],"product_brand":[],"product_cat":[24],"product_tag":[],"class_list":{"0":"post-578","1":"product","2":"type-product","3":"status-publish","4":"has-post-thumbnail","6":"product_cat-culinary","8":"first","9":"outofstock","10":"taxable","11":"shipping-taxable","12":"product-type-simple"},"_links":{"self":[{"href":"https:\/\/geoexperiences.com\/es\/wp-json\/wp\/v2\/product\/578","targetHints":{"allow":["GET"]}}],"collection":[{"href":"https:\/\/geoexperiences.com\/es\/wp-json\/wp\/v2\/product"}],"about":[{"href":"https:\/\/geoexperiences.com\/es\/wp-json\/wp\/v2\/types\/product"}],"replies":[{"embeddable":true,"href":"https:\/\/geoexperiences.com\/es\/wp-json\/wp\/v2\/comments?post=578"}],"wp:featuredmedia":[{"embeddable":true,"href":"https:\/\/geoexperiences.com\/es\/wp-json\/wp\/v2\/media\/585"}],"wp:attachment":[{"href":"https:\/\/geoexperiences.com\/es\/wp-json\/wp\/v2\/media?parent=578"}],"wp:term":[{"taxonomy":"product_brand","embeddable":true,"href":"https:\/\/geoexperiences.com\/es\/wp-json\/wp\/v2\/product_brand?post=578"},{"taxonomy":"product_cat","embeddable":true,"href":"https:\/\/geoexperiences.com\/es\/wp-json\/wp\/v2\/product_cat?post=578"},{"taxonomy":"product_tag","embeddable":true,"href":"https:\/\/geoexperiences.com\/es\/wp-json\/wp\/v2\/product_tag?post=578"}],"curies":[{"name":"wp","href":"https:\/\/api.w.org\/{rel}","templated":true}]}}