{"id":568,"date":"2025-04-09T12:02:00","date_gmt":"2025-04-09T15:02:00","guid":{"rendered":"https:\/\/thebermuda.com\/projects\/geo\/?post_type=product&#038;p=568"},"modified":"2025-09-17T16:54:33","modified_gmt":"2025-09-17T19:54:33","slug":"cafayate-wine-scenery-and-art-in-the-calchaqui-valleys","status":"publish","type":"product","link":"https:\/\/geoexperiences.com\/es\/experiences\/cafayate-wine-scenery-and-art-in-the-calchaqui-valleys\/","title":{"rendered":"Descubr\u00ed Cafayate en Exclusiva"},"content":{"rendered":"<p>En el coraz\u00f3n de los Valles Calchaqu\u00edes, Cafayate ofrece una experiencia de tres d\u00edas que combina naturaleza, vino y arte. El alojamiento es en Piatelli Wine Resort, un complejo de villas privadas entre vi\u00f1edos y monta\u00f1as, con vistas panor\u00e1micas y atenci\u00f3n personalizada. El primer d\u00eda incluye una cena en la bodega El Esteco, con cocina de autor y maridaje exclusivo. El segundo d\u00eda se realiza un recorrido guiado por Cafayate y sus alrededores, seguido de una visita a Bodega Colom\u00e9, una de las m\u00e1s altas del mundo. All\u00ed se ofrece un almuerzo por pasos y acceso al museo de arte lum\u00ednico James Turrell. La propuesta incluye traslados privados desde y hacia el aeropuerto de Salta, y movilidad para cada actividad. Una inmersi\u00f3n en la identidad del norte argentino.<\/p>\n<p><b>La experiencia incluye:<\/b><\/p>\n<ul>\n<li>2 noches de alojamiento en Piattelli Wine Resort<\/li>\n<li>Traslado in &amp; out, y en destino de acuerdo con la agenda<\/li>\n<li>Exclusive dinners at El Esteco Winery &amp; Piattelli Winery<\/li>\n<li>Almuerzo en Bodega Colom\u00e9 &amp; acceso a su museo privado James Turrell<\/li>\n<\/ul>","protected":false},"excerpt":{"rendered":"<p>Set in the heart of the Calchaqu\u00ed Valleys, this three-day experience in Cafayate combines nature, wine, and art. Accommodation is at Piattelli Wine Resort, a private villa complex nestled among vineyards and mountains, offering panoramic views and personalized service. The first evening features a dinner at El Esteco Winery, with signature cuisine and curated wine [&#8230;]","protected":false},"featured_media":569,"comment_status":"open","ping_status":"closed","template":"","meta":[],"product_brand":[],"product_cat":[24],"product_tag":[],"class_list":{"0":"post-568","1":"product","2":"type-product","3":"status-publish","4":"has-post-thumbnail","6":"product_cat-culinary","8":"first","9":"outofstock","10":"virtual","11":"taxable","12":"product-type-simple"},"_links":{"self":[{"href":"https:\/\/geoexperiences.com\/es\/wp-json\/wp\/v2\/product\/568","targetHints":{"allow":["GET"]}}],"collection":[{"href":"https:\/\/geoexperiences.com\/es\/wp-json\/wp\/v2\/product"}],"about":[{"href":"https:\/\/geoexperiences.com\/es\/wp-json\/wp\/v2\/types\/product"}],"replies":[{"embeddable":true,"href":"https:\/\/geoexperiences.com\/es\/wp-json\/wp\/v2\/comments?post=568"}],"wp:featuredmedia":[{"embeddable":true,"href":"https:\/\/geoexperiences.com\/es\/wp-json\/wp\/v2\/media\/569"}],"wp:attachment":[{"href":"https:\/\/geoexperiences.com\/es\/wp-json\/wp\/v2\/media?parent=568"}],"wp:term":[{"taxonomy":"product_brand","embeddable":true,"href":"https:\/\/geoexperiences.com\/es\/wp-json\/wp\/v2\/product_brand?post=568"},{"taxonomy":"product_cat","embeddable":true,"href":"https:\/\/geoexperiences.com\/es\/wp-json\/wp\/v2\/product_cat?post=568"},{"taxonomy":"product_tag","embeddable":true,"href":"https:\/\/geoexperiences.com\/es\/wp-json\/wp\/v2\/product_tag?post=568"}],"curies":[{"name":"wp","href":"https:\/\/api.w.org\/{rel}","templated":true}]}}