{"id":489,"date":"2025-01-29T13:42:00","date_gmt":"2025-01-29T16:42:00","guid":{"rendered":"https:\/\/thebermuda.com\/projects\/geo\/?post_type=product&#038;p=489"},"modified":"2025-09-19T16:29:29","modified_gmt":"2025-09-19T19:29:29","slug":"priceless-experience-en-jose-ignacio-uruguay","status":"publish","type":"product","link":"https:\/\/geoexperiences.com\/es\/experiences\/priceless-experience-en-jose-ignacio-uruguay\/","title":{"rendered":"Priceless experience in Jos\u00e9 Ignacio"},"content":{"rendered":"<p>Descubre la magia de Jos\u00e9 Ignacio, Uruguay, con una escapada exclusiva de cuatro d\u00edas. Al\u00f3jate en Bah\u00eda Vik, un hotel boutique de lujo frente al mar, con vistas espectaculares y servicio de primer nivel. Disfruta de un almuerzo en La Susana y una cena en La Huella, \u00edconos de la gastronom\u00eda uruguaya. Rel\u00e1jate en playas, contempla atardeceres inolvidables y sum\u00e9rgete en la esencia sofisticada y tranquila de este destino Priceless.<br \/>\nUn viaje \u00fanico que quedar\u00e1 en tu memoria como un cap\u00edtulo inolvidable.<\/p>\n<p><b>Incluye:<\/b><\/p>\n<ul>\n<li>Alojamiento 3 noches en Bahia Vik<\/li>\n<li>Traslados de entrada y salida al aeropuerto y transporte seg\u00fan itinerario.<\/li>\n<li>Almuerzo en la Susana para dos personas en el exclusivo living de MasterCard<\/li>\n<li>Cena en la Huella para dos personas<\/li>\n<\/ul>\n<p>&nbsp;<\/p>","protected":false},"excerpt":{"rendered":"<p>Descubre la magia de Jos\u00e9 Ignacio, Uruguay, con una escapada exclusiva de cuatro d\u00edas. Al\u00f3jate en Bah\u00eda Vik, un hotel boutique de lujo frente al mar, con vistas espectaculares y servicio de primer nivel. Disfruta de un almuerzo en La Susana y una cena en La Huella, \u00edconos de la gastronom\u00eda uruguaya. Rel\u00e1jate en playas, contempla atardeceres inolvidables y sum\u00e9rgete en la esencia sofisticada y tranquila de este destino Priceless.<br \/>\nUn viaje \u00fanico que quedar\u00e1 en tu memoria como un cap\u00edtulo inolvidable.<\/p>\n<p><b>Incluye:<\/b><\/p>\n<ul>\n<li>Alojamiento 3 noches en Bahia Vik<\/li>\n<li>Traslados de entrada y salida al aeropuerto y transporte seg\u00fan itinerario.<\/li>\n<li>Almuerzo en la Susana para dos personas en el exclusivo living de MasterCard<\/li>\n<li>Cena en la Huella para dos personas<\/li>\n<\/ul>","protected":false},"featured_media":491,"comment_status":"open","ping_status":"closed","template":"","meta":[],"product_brand":[],"product_cat":[24],"product_tag":[],"class_list":{"0":"post-489","1":"product","2":"type-product","3":"status-publish","4":"has-post-thumbnail","6":"product_cat-culinary","8":"first","9":"instock","10":"purchasable","11":"product-type-variable"},"_links":{"self":[{"href":"https:\/\/geoexperiences.com\/es\/wp-json\/wp\/v2\/product\/489","targetHints":{"allow":["GET"]}}],"collection":[{"href":"https:\/\/geoexperiences.com\/es\/wp-json\/wp\/v2\/product"}],"about":[{"href":"https:\/\/geoexperiences.com\/es\/wp-json\/wp\/v2\/types\/product"}],"replies":[{"embeddable":true,"href":"https:\/\/geoexperiences.com\/es\/wp-json\/wp\/v2\/comments?post=489"}],"wp:featuredmedia":[{"embeddable":true,"href":"https:\/\/geoexperiences.com\/es\/wp-json\/wp\/v2\/media\/491"}],"wp:attachment":[{"href":"https:\/\/geoexperiences.com\/es\/wp-json\/wp\/v2\/media?parent=489"}],"wp:term":[{"taxonomy":"product_brand","embeddable":true,"href":"https:\/\/geoexperiences.com\/es\/wp-json\/wp\/v2\/product_brand?post=489"},{"taxonomy":"product_cat","embeddable":true,"href":"https:\/\/geoexperiences.com\/es\/wp-json\/wp\/v2\/product_cat?post=489"},{"taxonomy":"product_tag","embeddable":true,"href":"https:\/\/geoexperiences.com\/es\/wp-json\/wp\/v2\/product_tag?post=489"}],"curies":[{"name":"wp","href":"https:\/\/api.w.org\/{rel}","templated":true}]}}