{"id":1063,"date":"2025-08-12T12:56:16","date_gmt":"2025-08-12T15:56:16","guid":{"rendered":"https:\/\/geoexperiences.com\/?post_type=product&#038;p=1063"},"modified":"2025-10-24T16:58:31","modified_gmt":"2025-10-24T19:58:31","slug":"futttura-tini-en-vivo","status":"publish","type":"product","link":"https:\/\/geoexperiences.com\/es\/experiences\/futttura-tini-en-vivo\/","title":{"rendered":"FUTTTURA &#8211; TINI Live Show"},"content":{"rendered":"<p><strong>Futttura<\/strong>, el show que Tini presentar\u00e1 en <strong>Tecn\u00f3polis<\/strong>, promete ser el m\u00e1s importante de su carrera, celebrando sus 13 a\u00f1os en la m\u00fasica con un recorrido emocional por todas sus etapas y grandes \u00e9xitos.<\/p>\n<p>Con tres escenarios, activaciones interactivas y una producci\u00f3n de gran impacto, la artista brindar\u00e1 una experiencia inmersiva y visualmente espectacular que sorprender\u00e1 y emocionar\u00e1 a sus fans, convirti\u00e9ndola en un evento imperdible para quienes quieran vivir su historia de cerca.<\/p>\n<p><strong>Ubicaci\u00f3n<\/strong>: Campo Vip Mechon de Pelo<\/p>\n<p>+Estacionamiento<\/p>\n<p>&nbsp;<\/p>","protected":false},"excerpt":{"rendered":"<p>Futttura, the show Tini will present at Tecn\u00f3polis, promises to be the most important of her career, celebrating her 13 years in music with an emotional journey through all her stages and greatest hits. Featuring three stages, interactive activations, and a high-impact production, the artist will deliver an immersive and visually spectacular experience that will [&#8230;]","protected":false},"featured_media":1067,"comment_status":"open","ping_status":"closed","template":"","meta":[],"product_brand":[],"product_cat":[23],"product_tag":[],"class_list":{"0":"post-1063","1":"product","2":"type-product","3":"status-publish","4":"has-post-thumbnail","6":"product_cat-music-culture","8":"first","9":"outofstock","10":"taxable","11":"shipping-taxable","12":"purchasable","13":"product-type-simple"},"_links":{"self":[{"href":"https:\/\/geoexperiences.com\/es\/wp-json\/wp\/v2\/product\/1063","targetHints":{"allow":["GET"]}}],"collection":[{"href":"https:\/\/geoexperiences.com\/es\/wp-json\/wp\/v2\/product"}],"about":[{"href":"https:\/\/geoexperiences.com\/es\/wp-json\/wp\/v2\/types\/product"}],"replies":[{"embeddable":true,"href":"https:\/\/geoexperiences.com\/es\/wp-json\/wp\/v2\/comments?post=1063"}],"wp:featuredmedia":[{"embeddable":true,"href":"https:\/\/geoexperiences.com\/es\/wp-json\/wp\/v2\/media\/1067"}],"wp:attachment":[{"href":"https:\/\/geoexperiences.com\/es\/wp-json\/wp\/v2\/media?parent=1063"}],"wp:term":[{"taxonomy":"product_brand","embeddable":true,"href":"https:\/\/geoexperiences.com\/es\/wp-json\/wp\/v2\/product_brand?post=1063"},{"taxonomy":"product_cat","embeddable":true,"href":"https:\/\/geoexperiences.com\/es\/wp-json\/wp\/v2\/product_cat?post=1063"},{"taxonomy":"product_tag","embeddable":true,"href":"https:\/\/geoexperiences.com\/es\/wp-json\/wp\/v2\/product_tag?post=1063"}],"curies":[{"name":"wp","href":"https:\/\/api.w.org\/{rel}","templated":true}]}}