{"id":1007,"date":"2025-07-21T16:47:32","date_gmt":"2025-07-21T19:47:32","guid":{"rendered":"https:\/\/geoexperiences.com\/?post_type=product&#038;p=1007"},"modified":"2025-10-24T17:37:27","modified_gmt":"2025-10-24T20:37:27","slug":"experience-los-pumas-vs-the-springboks","status":"publish","type":"product","link":"https:\/\/geoexperiences.com\/es\/experiences\/experience-los-pumas-vs-the-springboks\/","title":{"rendered":"Experiencia Los Pumas vs. los Springboks"},"content":{"rendered":"<div>\n<div>\n<p><strong>Los Pumas vs. Springboks<\/strong><\/p>\n<\/div>\n<\/div>\n<div>\n<div>\n<p data-start=\"0\" data-end=\"341\">Viv\u00ed una experiencia internacional de rugby inolvidable con el partido. <strong data-start=\"69\" data-end=\"98\">Argentina vs Sud\u00e1frica<\/strong> en el <em data-start=\"103\" data-end=\"127\">The Rugby Championship<\/em>que se disputar\u00e1 en el <strong data-start=\"149\" data-end=\"190\">Allianz Stadium de Twickenham, Londres.<\/strong>Los Pumas se enfrentar\u00e1n a los poderosos Springboks en uno de los estadios de rugby m\u00e1s ic\u00f3nicos del mundo, en una jornada cargada de emoci\u00f3n y adrenalina.<\/p>\n<p data-start=\"343\" data-end=\"559\">La experiencia incluye <strong data-start=\"364\" data-end=\"403\">4 noches de alojamiento en Londres<\/strong>, <strong data-start=\"405\" data-end=\"426\">traslados privados<\/strong> (in\/out y al estadio) <strong data-start=\"460\" data-end=\"483\">hospitality tickets<\/strong>que ofrecen acceso preferencial, gastronom\u00eda de primer nivel y un ambiente exclusivo.<\/p>\n<p data-start=\"561\" data-end=\"707\" data-is-last-node=\"\" data-is-only-node=\"\">Una opci\u00f3n ideal para fan\u00e1ticos del rugby que buscan disfrutar del deporte al m\u00e1s alto nivel y con total confort.<\/p>\n<\/div>\n<article class=\"text-token-text-primary w-full\" dir=\"auto\" data-testid=\"conversation-turn-28\" data-scroll-anchor=\"true\">\n<div class=\"text-base my-auto mx-auto pb-10 [--thread-content-margin:--spacing(4)] @[37rem]:[--thread-content-margin:--spacing(6)] @[72rem]:[--thread-content-margin:--spacing(16)] px-(--thread-content-margin)\">\n<div class=\"[--thread-content-max-width:32rem] @[34rem]:[--thread-content-max-width:40rem] @[64rem]:[--thread-content-max-width:48rem] mx-auto flex max-w-(--thread-content-max-width) flex-1 text-base gap-4 md:gap-5 lg:gap-6 group\/turn-messages focus-visible:outline-hidden\" tabindex=\"-1\">\n<div class=\"group\/conversation-turn relative flex w-full min-w-0 flex-col agent-turn\">\n<div class=\"relative flex-col gap-1 md:gap-3\">\n<div class=\"flex max-w-full flex-col grow\">\n<div class=\"min-h-8 text-message relative flex w-full flex-col items-end gap-2 text-start break-words whitespace-normal [.text-message+&amp;]:mt-5\" dir=\"auto\" data-message-author-role=\"assistant\" data-message-id=\"b3bd157e-eb37-4449-8069-12ed44a7b319\" data-message-model-slug=\"gpt-4o\">\n<div class=\"flex w-full flex-col gap-1 empty:hidden first:pt-[3px]\">\n<div class=\"markdown prose dark:prose-invert w-full break-words light\">\n<p data-start=\"0\" data-end=\"208\" data-is-last-node=\"\" data-is-only-node=\"\"><em data-start=\"101\" data-end=\"208\" data-is-last-node=\"\">Si quer\u00e9s incluir los vuelos en tu experiencia, \u00a1cont\u00e1ctanos!\u00a0<\/em><\/p>\n<\/div>\n<\/div>\n<\/div>\n<\/div>\n<\/div>\n<\/div>\n<\/div>\n<\/div>\n<\/article>\n<\/div>\n<p data-start=\"58\" data-end=\"323\">","protected":false},"excerpt":{"rendered":"<p>Los Pumas vs. Springboks Experience an unforgettable international rugby event with the match Argentina vs South Africa for The Rugby Championship, taking place at the Allianz Stadium in Twickenham, London. Los Pumas will face the powerful Springboks in one of the most iconic rugby stadiums in the world, promising a day full of excitement and [&#8230;]","protected":false},"featured_media":981,"comment_status":"open","ping_status":"closed","template":"","meta":[],"product_brand":[],"product_cat":[34],"product_tag":[],"class_list":{"0":"post-1007","1":"product","2":"type-product","3":"status-publish","4":"has-post-thumbnail","6":"product_cat-sports","8":"first","9":"instock","10":"taxable","11":"shipping-taxable","12":"product-type-simple"},"_links":{"self":[{"href":"https:\/\/geoexperiences.com\/es\/wp-json\/wp\/v2\/product\/1007","targetHints":{"allow":["GET"]}}],"collection":[{"href":"https:\/\/geoexperiences.com\/es\/wp-json\/wp\/v2\/product"}],"about":[{"href":"https:\/\/geoexperiences.com\/es\/wp-json\/wp\/v2\/types\/product"}],"replies":[{"embeddable":true,"href":"https:\/\/geoexperiences.com\/es\/wp-json\/wp\/v2\/comments?post=1007"}],"wp:featuredmedia":[{"embeddable":true,"href":"https:\/\/geoexperiences.com\/es\/wp-json\/wp\/v2\/media\/981"}],"wp:attachment":[{"href":"https:\/\/geoexperiences.com\/es\/wp-json\/wp\/v2\/media?parent=1007"}],"wp:term":[{"taxonomy":"product_brand","embeddable":true,"href":"https:\/\/geoexperiences.com\/es\/wp-json\/wp\/v2\/product_brand?post=1007"},{"taxonomy":"product_cat","embeddable":true,"href":"https:\/\/geoexperiences.com\/es\/wp-json\/wp\/v2\/product_cat?post=1007"},{"taxonomy":"product_tag","embeddable":true,"href":"https:\/\/geoexperiences.com\/es\/wp-json\/wp\/v2\/product_tag?post=1007"}],"curies":[{"name":"wp","href":"https:\/\/api.w.org\/{rel}","templated":true}]}}