{"id":1004,"date":"2025-08-12T12:57:15","date_gmt":"2025-08-12T15:57:15","guid":{"rendered":"https:\/\/geoexperiences.com\/?post_type=product&#038;p=1004"},"modified":"2025-09-17T16:58:17","modified_gmt":"2025-09-17T19:58:17","slug":"dua-lipa-radical-optimism-tour","status":"publish","type":"product","link":"https:\/\/geoexperiences.com\/es\/experiences\/dua-lipa-radical-optimism-tour\/","title":{"rendered":"Dua Lipa &#8211; Radical Optimism Tour"},"content":{"rendered":"<p data-start=\"169\" data-end=\"499\">La sensaci\u00f3n global del pop, Dua Lipa, trae su <em data-start=\"210\" data-end=\"233\">Radical Optimism Tour<\/em> Buenos Aires para una noche espectacular en el ic\u00f3nico Estadio River Plate.<\/p>\n<p>Con su magn\u00e9tica presencia esc\u00e9nica, coreograf\u00edas impecables y poderosas voces, la artista ganadora de m\u00faltiples premios Grammy ofrece un show lleno de energ\u00eda, estilo y una confianza arrolladora.<\/p>\n<p data-start=\"501\" data-end=\"717\">Se espera una deslumbrante combinaci\u00f3n de sus \u00faltimos \u00e9xitos y los himnos favoritos de sus fans, cobrando vida con impactantes visuales, una producci\u00f3n de vanguardia y el esp\u00edritu contagioso que la ha convertido en una de las voces m\u00e1s definitorias de su generaci\u00f3n.<\/p>","protected":false},"excerpt":{"rendered":"<p>Global pop sensation Dua Lipa brings her Radical Optimism Tour to Buenos Aires for a spectacular night at the iconic River Plate Stadium. With her magnetic stage presence, sleek choreography, and powerhouse vocals, the multi\u2013Grammy Award\u2013winning artist delivers a show bursting with energy, style, and unapologetic confidence. Expect a stunning mix of her latest hits [&#8230;]","protected":false},"featured_media":1066,"comment_status":"open","ping_status":"closed","template":"","meta":[],"product_brand":[],"product_cat":[23],"product_tag":[],"class_list":{"0":"post-1004","1":"product","2":"type-product","3":"status-publish","4":"has-post-thumbnail","6":"product_cat-music-culture","8":"first","9":"outofstock","10":"taxable","11":"shipping-taxable","12":"product-type-simple"},"_links":{"self":[{"href":"https:\/\/geoexperiences.com\/es\/wp-json\/wp\/v2\/product\/1004","targetHints":{"allow":["GET"]}}],"collection":[{"href":"https:\/\/geoexperiences.com\/es\/wp-json\/wp\/v2\/product"}],"about":[{"href":"https:\/\/geoexperiences.com\/es\/wp-json\/wp\/v2\/types\/product"}],"replies":[{"embeddable":true,"href":"https:\/\/geoexperiences.com\/es\/wp-json\/wp\/v2\/comments?post=1004"}],"wp:featuredmedia":[{"embeddable":true,"href":"https:\/\/geoexperiences.com\/es\/wp-json\/wp\/v2\/media\/1066"}],"wp:attachment":[{"href":"https:\/\/geoexperiences.com\/es\/wp-json\/wp\/v2\/media?parent=1004"}],"wp:term":[{"taxonomy":"product_brand","embeddable":true,"href":"https:\/\/geoexperiences.com\/es\/wp-json\/wp\/v2\/product_brand?post=1004"},{"taxonomy":"product_cat","embeddable":true,"href":"https:\/\/geoexperiences.com\/es\/wp-json\/wp\/v2\/product_cat?post=1004"},{"taxonomy":"product_tag","embeddable":true,"href":"https:\/\/geoexperiences.com\/es\/wp-json\/wp\/v2\/product_tag?post=1004"}],"curies":[{"name":"wp","href":"https:\/\/api.w.org\/{rel}","templated":true}]}}