{"id":1000,"date":"2025-07-21T15:51:47","date_gmt":"2025-07-21T18:51:47","guid":{"rendered":"https:\/\/geoexperiences.com\/?post_type=product&#038;p=1000"},"modified":"2025-09-17T16:46:44","modified_gmt":"2025-09-17T19:46:44","slug":"shakira-world-tour","status":"publish","type":"product","link":"https:\/\/geoexperiences.com\/es\/experiences\/shakira-world-tour\/","title":{"rendered":"Shakira World Tour"},"content":{"rendered":"<p data-start=\"123\" data-end=\"204\"><strong data-start=\"123\" data-end=\"204\">Shakira en Vivo en Argentina \u2013 Una noche inolvidable en el Estadio V\u00e9lez Sarsfield<\/strong><\/p>\n<p data-start=\"206\" data-end=\"479\">Prep\u00e1rate para una noche electrizante con el regreso de Shakira a Argentina, en el emblem\u00e1tico Estadio V\u00e9lez Sarsfield. <strong>Estadio V\u00e9lez Sarsfield<\/strong>Con su inconfundible voz, ritmos irresistibles y una puesta en escena llena de energ\u00eda, Shakira llevar\u00e1 al p\u00fablico por un recorrido inolvidable a trav\u00e9s de sus grandes \u00e9xitos y sus nuevos temas.<\/p>\n<p data-start=\"775\" data-end=\"876\">Sent\u00ed el ritmo, la pasi\u00f3n y la magia\u2014viv\u00ed una noche \u00fanica con Shakira en Buenos Aires.<\/p>","protected":false},"excerpt":{"rendered":"<p>Shakira Live in Argentina \u2013 An Unforgettable Night at Estadio V\u00e9lez Sarsfield Get ready for an electrifying night as Shakira returns to Argentina to light up the iconic Estadio V\u00e9lez Sarsfield. With her signature voice, irresistible rhythms, and high-energy performance, Shakira will take fans on a journey through her greatest hits and newest tracks. Feel [&#8230;]","protected":false},"featured_media":1026,"comment_status":"open","ping_status":"closed","template":"","meta":[],"product_brand":[],"product_cat":[23],"product_tag":[],"class_list":{"0":"post-1000","1":"product","2":"type-product","3":"status-publish","4":"has-post-thumbnail","6":"product_cat-music-culture","8":"first","9":"outofstock","10":"taxable","11":"shipping-taxable","12":"product-type-simple"},"_links":{"self":[{"href":"https:\/\/geoexperiences.com\/es\/wp-json\/wp\/v2\/product\/1000","targetHints":{"allow":["GET"]}}],"collection":[{"href":"https:\/\/geoexperiences.com\/es\/wp-json\/wp\/v2\/product"}],"about":[{"href":"https:\/\/geoexperiences.com\/es\/wp-json\/wp\/v2\/types\/product"}],"replies":[{"embeddable":true,"href":"https:\/\/geoexperiences.com\/es\/wp-json\/wp\/v2\/comments?post=1000"}],"wp:featuredmedia":[{"embeddable":true,"href":"https:\/\/geoexperiences.com\/es\/wp-json\/wp\/v2\/media\/1026"}],"wp:attachment":[{"href":"https:\/\/geoexperiences.com\/es\/wp-json\/wp\/v2\/media?parent=1000"}],"wp:term":[{"taxonomy":"product_brand","embeddable":true,"href":"https:\/\/geoexperiences.com\/es\/wp-json\/wp\/v2\/product_brand?post=1000"},{"taxonomy":"product_cat","embeddable":true,"href":"https:\/\/geoexperiences.com\/es\/wp-json\/wp\/v2\/product_cat?post=1000"},{"taxonomy":"product_tag","embeddable":true,"href":"https:\/\/geoexperiences.com\/es\/wp-json\/wp\/v2\/product_tag?post=1000"}],"curies":[{"name":"wp","href":"https:\/\/api.w.org\/{rel}","templated":true}]}}