{"id":874,"date":"2025-05-23T17:26:09","date_gmt":"2025-05-23T20:26:09","guid":{"rendered":"https:\/\/thebermuda.com\/projects\/geo\/?page_id=874"},"modified":"2025-08-25T17:51:11","modified_gmt":"2025-08-25T20:51:11","slug":"about-us","status":"publish","type":"page","link":"https:\/\/geoexperiences.com\/es\/about-us\/","title":{"rendered":"Nosotros"},"content":{"rendered":"<div class=\"banner has-hover\" id=\"banner-611752990\">\n          <div class=\"banner-inner fill\">\n        <div class=\"banner-bg fill\" >\n            <img loading=\"lazy\" decoding=\"async\" width=\"1020\" height=\"680\" src=\"https:\/\/geoexperiences.com\/wp-content\/uploads\/2025\/08\/1.-Header-Global-Experiences-min.png\" class=\"bg attachment-large size-large\" alt=\"\" \/>                                    \n                    <\/div>\n\t\t\n        <div class=\"banner-layers container\">\n            <div class=\"fill banner-link\"><\/div>            \n\n   <div id=\"text-box-932562925\" class=\"text-box banner-layer x50 md-x50 lg-x50 y50 md-y50 lg-y50 res-text\">\n                                <div class=\"text-box-content text dark\">\n              \n              <div class=\"text-inner text-center\">\n                  \n\n<h2 class=\"uppercase\"><strong>Nosotros<\/strong><\/h2>\n\n              <\/div>\n           <\/div>\n                            \n<style>\n#text-box-932562925 {\n  width: 60%;\n}\n#text-box-932562925 .text-box-content {\n  font-size: 100%;\n}\n<\/style>\n    <\/div>\n \n\n        <\/div>\n      <\/div>\n\n            \n<style>\n#banner-611752990 {\n  padding-top: 500px;\n}\n<\/style>\n  <\/div>\n\n\n\n\t<section class=\"section\" id=\"section_1631656338\">\n\t\t<div class=\"section-bg fill\" >\n\t\t\t\t\t\t\t\t\t\n\t\t\t\n\n\t\t<\/div>\n\n\t\t\n\n\t\t<div class=\"section-content relative\">\n\t\t\t\n\n<div class=\"row\"  id=\"row-151855645\">\n\n\n\t<div id=\"col-1233340793\" class=\"col small-12 large-12\"  >\n\t\t\t\t<div class=\"col-inner\"  >\n\t\t\t\n\t\t\t\n\n<p>Somos una agencia global de experiencias con m\u00e1s de 15 a\u00f1os en el mercado internacional, dedicada a dise\u00f1ar y ofrecer vivencias impactantes y sin interrupciones para clientes de todo el mundo.<\/p>\n<p>Lo que nos diferencia es nuestro compromiso con la creatividad, la calidad y la excelencia. Nos especializamos en sorprender y superar expectativas, creando momentos inolvidables que dejan una impresi\u00f3n duradera.<\/p>\n<p>Desde el concepto hasta la ejecuci\u00f3n, convertimos ideas en experiencias, y experiencias en recuerdos.<\/p>\n<p><a href=\"https:\/\/www.globalevents.com.ar\/\" target=\"_blank\" rel=\"noopener\">https:\/\/www.globalevents.com.ar<\/a><\/p>\n\n\t\t<\/div>\n\t\t\t\t\t<\/div>\n\n\t\n\n<\/div>\n\n\t\t<\/div>\n\n\t\t\n<style>\n#section_1631656338 {\n  padding-top: 30px;\n  padding-bottom: 30px;\n}\n<\/style>\n\t<\/section>\n\t\n<div class=\"row\"  id=\"row-2047711708\">\n\n\n\t<div id=\"col-435857242\" class=\"col small-12 large-12\"  >\n\t\t\t\t<div class=\"col-inner\"  >\n\t\t\t\n\t\t\t\n\n\n  <div class=\"banner has-hover\" id=\"banner-1202157723\">\n          <div class=\"banner-inner fill\">\n        <div class=\"banner-bg fill\" >\n            <img loading=\"lazy\" decoding=\"async\" width=\"1020\" height=\"283\" src=\"https:\/\/geoexperiences.com\/wp-content\/uploads\/2024\/11\/sf-3-1000x464-1.jpg-1.jpg\" class=\"bg attachment-large size-large\" alt=\"\" \/>                                    \n                    <\/div>\n\t\t\n        <div class=\"banner-layers container\">\n            <div class=\"fill banner-link\"><\/div>            \n\n   <div id=\"text-box-586562282\" class=\"text-box banner-layer x50 md-x50 lg-x50 y50 md-y50 lg-y50 res-text\">\n                                <div class=\"text-box-content text dark\">\n              \n              <div class=\"text-inner text-center\">\n                  \n\n\t<div id=\"text-3831708536\" class=\"text\">\n\t\t\n\n<h4 class=\"uppercase translation-block\">EXPERIENCIAS <br>PERSONALIZADAS<\/h4>\r\n<p>Si busc\u00e1s una experiencia exclusiva y a medida, la hacemos realidad.<br \/>\r\nViv\u00ed algo extraordinario, pensado especialmente para vos.<\/p>\n\t\t\n<style>\n#text-3831708536 {\n  color: rgb(30, 30, 30);\n}\n#text-3831708536 > * {\n  color: rgb(30, 30, 30);\n}\n<\/style>\n\t<\/div>\n\t\n<a href=\"https:\/\/geoexperiences.com\/es\/contact-us\/\" class=\"button secondary\" >\n\t\t<span>Cont\u00e1ctanos<\/span>\n\t<\/a>\n\n\n\n              <\/div>\n           <\/div>\n                            \n<style>\n#text-box-586562282 {\n  width: 60%;\n}\n#text-box-586562282 .text-box-content {\n  font-size: 100%;\n}\n<\/style>\n    <\/div>\n \n\n        <\/div>\n      <\/div>\n\n            \n<style>\n#banner-1202157723 {\n  padding-top: 400px;\n}\n<\/style>\n  <\/div>\n\n\n\n\t\t<\/div>\n\t\t\t\t\t<\/div>\n\n\t\n\n<\/div>","protected":false},"excerpt":{"rendered":"","protected":false},"author":1,"featured_media":0,"parent":0,"menu_order":0,"comment_status":"closed","ping_status":"closed","template":"page-blank.php","meta":{"footnotes":""},"class_list":["post-874","page","type-page","status-publish","hentry"],"_links":{"self":[{"href":"https:\/\/geoexperiences.com\/es\/wp-json\/wp\/v2\/pages\/874","targetHints":{"allow":["GET"]}}],"collection":[{"href":"https:\/\/geoexperiences.com\/es\/wp-json\/wp\/v2\/pages"}],"about":[{"href":"https:\/\/geoexperiences.com\/es\/wp-json\/wp\/v2\/types\/page"}],"author":[{"embeddable":true,"href":"https:\/\/geoexperiences.com\/es\/wp-json\/wp\/v2\/users\/1"}],"replies":[{"embeddable":true,"href":"https:\/\/geoexperiences.com\/es\/wp-json\/wp\/v2\/comments?post=874"}],"version-history":[{"count":9,"href":"https:\/\/geoexperiences.com\/es\/wp-json\/wp\/v2\/pages\/874\/revisions"}],"predecessor-version":[{"id":1159,"href":"https:\/\/geoexperiences.com\/es\/wp-json\/wp\/v2\/pages\/874\/revisions\/1159"}],"wp:attachment":[{"href":"https:\/\/geoexperiences.com\/es\/wp-json\/wp\/v2\/media?parent=874"}],"curies":[{"name":"wp","href":"https:\/\/api.w.org\/{rel}","templated":true}]}}