{"id":797,"date":"2025-05-06T14:24:16","date_gmt":"2025-05-06T17:24:16","guid":{"rendered":"https:\/\/thebermuda.com\/projects\/geo\/?page_id=797"},"modified":"2025-05-29T17:50:23","modified_gmt":"2025-05-29T20:50:23","slug":"terms-and-conditions","status":"publish","type":"page","link":"https:\/\/geoexperiences.com\/es\/terms-and-conditions\/","title":{"rendered":"T\u00e9rminos y condiciones"},"content":{"rendered":"<div class=\"banner has-hover\" id=\"banner-497644871\">\n          <div class=\"banner-inner fill\">\n        <div class=\"banner-bg fill\" >\n            <img loading=\"lazy\" decoding=\"async\" width=\"1020\" height=\"680\" src=\"https:\/\/geoexperiences.com\/wp-content\/uploads\/2025\/04\/2.-Foto-Paisaje-1-1200x800.jpg\" class=\"bg attachment-large size-large\" alt=\"\" \/>                                    \n                    <\/div>\n\t\t\n        <div class=\"banner-layers container\">\n            <div class=\"fill banner-link\"><\/div>            \n\n   <div id=\"text-box-881138578\" class=\"text-box banner-layer x50 md-x50 lg-x50 y50 md-y50 lg-y50 res-text\">\n                                <div class=\"text-box-content text dark\">\n              \n              <div class=\"text-inner text-center\">\n                  \n\n<h2 class=\"uppercase\">T\u00e9rminos y condiciones<\/h2>\n\n              <\/div>\n           <\/div>\n                            \n<style>\n#text-box-881138578 {\n  width: 100%;\n}\n#text-box-881138578 .text-box-content {\n  font-size: 100%;\n}\n<\/style>\n    <\/div>\n \n\n        <\/div>\n      <\/div>\n\n            \n<style>\n#banner-497644871 {\n  padding-top: 500px;\n}\n<\/style>\n  <\/div>\n\n\n\n\t<section class=\"section\" id=\"section_1530837925\">\n\t\t<div class=\"section-bg fill\" >\n\t\t\t\t\t\t\t\t\t\n\t\t\t\n\n\t\t<\/div>\n\n\t\t\n\n\t\t<div class=\"section-content relative\">\n\t\t\t\n\n<div class=\"row\"  id=\"row-1445026419\">\n\n\n\t<div id=\"col-1752895475\" class=\"col small-12 large-12\"  >\n\t\t\t\t<div class=\"col-inner\"  >\n\t\t\t\n\t\t\t\n\n<p><span style=\"font-weight: 400;\">Te damos la bienvenida a nuestro sitio web. Al acceder y usar este sitio, acept\u00e1s los siguientes T\u00e9rminos y Condiciones. Por favor, leelos con atenci\u00f3n:<\/span><\/p>\n<ol>\n<li style=\"font-weight: 400;\" aria-level=\"1\"><span style=\"font-weight: 400;\">Nosotros<\/span><span style=\"font-weight: 400;\"><br \/><\/span><span style=\"font-weight: 400;\"> Ofrecemos experiencias seleccionadas de deportes, m\u00fasica y gastronom\u00eda desde Argentina hacia distintos destinos del mundo. Todas nuestras experiencias son organizadas junto a proveedores de confianza y est\u00e1n sujetas a disponibilidad.<\/span><span style=\"font-weight: 400;\">\n<p><\/span><\/li>\n<li style=\"font-weight: 400;\" aria-level=\"1\"><span style=\"font-weight: 400;\">Reservas<\/span><span style=\"font-weight: 400;\"><br \/><\/span><span style=\"font-weight: 400;\"> Todas las reservas realizadas a trav\u00e9s de nuestra plataforma son finales y no reembolsables. Una vez que confirm\u00e1s tu reserva, no se puede cancelar ni modificar.<\/span><span style=\"font-weight: 400;\">\n<p><\/span><\/li>\n<li style=\"font-weight: 400;\" aria-level=\"1\"><span style=\"font-weight: 400;\">Disponibilidad<\/span><span style=\"font-weight: 400;\"><br \/><\/span><span style=\"font-weight: 400;\"> Si la experiencia que te interesa no muestra fechas disponibles, pod\u00e9s contactarnos directamente para consultar por futuras fechas o coordinar una propuesta personalizada.<\/span><span style=\"font-weight: 400;\">\n<p><\/span><\/li>\n<li style=\"font-weight: 400;\" aria-level=\"1\"><span style=\"font-weight: 400;\">Uso del sitio web<\/span><span style=\"font-weight: 400;\"><br \/><\/span><span style=\"font-weight: 400;\"> Te compromet\u00e9s a usar el sitio con fines personales y no comerciales. No pod\u00e9s reproducir, revender ni aprovechar ning\u00fan contenido o servicio sin nuestro consentimiento por escrito.<\/span><span style=\"font-weight: 400;\">\n<p><\/span><\/li>\n<li style=\"font-weight: 400;\" aria-level=\"1\"><span style=\"font-weight: 400;\">Responsabilidad<\/span><span style=\"font-weight: 400;\"><br \/><\/span><span style=\"font-weight: 400;\"> No nos responsabilizamos por demoras, cancelaciones o cambios ocasionados por terceros o por circunstancias fuera de nuestro control (por ejemplo, clima, huelgas o eventos globales).<\/span><span style=\"font-weight: 400;\"><br \/><\/span><\/li>\n<li aria-level=\"1\"><span style=\"font-weight: 400;\">Cambios en los T\u00e9rminos<\/span><br \/>Podemos actualizar estos T\u00e9rminos y Condiciones ocasionalmente. Si segu\u00eds usando el sitio, entendemos que acept\u00e1s esos cambios.<\/li>\n<\/ol>\n\n\t\t<\/div>\n\t\t\t\t\t<\/div>\n\n\t\n\n<\/div>\n\n\t\t<\/div>\n\n\t\t\n<style>\n#section_1530837925 {\n  padding-top: 30px;\n  padding-bottom: 30px;\n}\n<\/style>\n\t<\/section>\n\t\n<div class=\"row\"  id=\"row-1286582771\">\n\n\n\t<div id=\"col-1676024106\" class=\"col small-12 large-12\"  >\n\t\t\t\t<div class=\"col-inner\"  >\n\t\t\t\n\t\t\t\n\n\n  <div class=\"banner has-hover\" id=\"banner-1881409066\">\n          <div class=\"banner-inner fill\">\n        <div class=\"banner-bg fill\" >\n            <img loading=\"lazy\" decoding=\"async\" width=\"1020\" height=\"283\" src=\"https:\/\/geoexperiences.com\/wp-content\/uploads\/2024\/11\/sf-3-1000x464-1.jpg-1.jpg\" class=\"bg attachment-large size-large\" alt=\"\" \/>                                    \n                    <\/div>\n\t\t\n        <div class=\"banner-layers container\">\n            <div class=\"fill banner-link\"><\/div>            \n\n   <div id=\"text-box-1128524249\" class=\"text-box banner-layer x50 md-x50 lg-x50 y50 md-y50 lg-y50 res-text\">\n                                <div class=\"text-box-content text dark\">\n              \n              <div class=\"text-inner text-center\">\n                  \n\n\t<div id=\"text-3098246948\" class=\"text\">\n\t\t\n\n<h4 class=\"uppercase translation-block\">EXPERIENCIAS <br>PERSONALIZADAS<\/h4>\r\n<p>Si busc\u00e1s una experiencia exclusiva y a medida, la hacemos realidad.<br \/>\r\nViv\u00ed algo extraordinario, pensado especialmente para vos.<\/p>\n\t\t\n<style>\n#text-3098246948 {\n  color: rgb(30, 30, 30);\n}\n#text-3098246948 > * {\n  color: rgb(30, 30, 30);\n}\n<\/style>\n\t<\/div>\n\t\n<a href=\"https:\/\/geoexperiences.com\/es\/contact-us\/\" class=\"button secondary\" >\n\t\t<span>Cont\u00e1ctanos<\/span>\n\t<\/a>\n\n\n\n              <\/div>\n           <\/div>\n                            \n<style>\n#text-box-1128524249 {\n  width: 60%;\n}\n#text-box-1128524249 .text-box-content {\n  font-size: 100%;\n}\n<\/style>\n    <\/div>\n \n\n        <\/div>\n      <\/div>\n\n            \n<style>\n#banner-1881409066 {\n  padding-top: 400px;\n}\n<\/style>\n  <\/div>\n\n\n\n\t\t<\/div>\n\t\t\t\t\t<\/div>\n\n\t\n\n<\/div>","protected":false},"excerpt":{"rendered":"","protected":false},"author":1,"featured_media":0,"parent":0,"menu_order":0,"comment_status":"closed","ping_status":"closed","template":"page-blank.php","meta":{"footnotes":""},"class_list":["post-797","page","type-page","status-publish","hentry"],"_links":{"self":[{"href":"https:\/\/geoexperiences.com\/es\/wp-json\/wp\/v2\/pages\/797","targetHints":{"allow":["GET"]}}],"collection":[{"href":"https:\/\/geoexperiences.com\/es\/wp-json\/wp\/v2\/pages"}],"about":[{"href":"https:\/\/geoexperiences.com\/es\/wp-json\/wp\/v2\/types\/page"}],"author":[{"embeddable":true,"href":"https:\/\/geoexperiences.com\/es\/wp-json\/wp\/v2\/users\/1"}],"replies":[{"embeddable":true,"href":"https:\/\/geoexperiences.com\/es\/wp-json\/wp\/v2\/comments?post=797"}],"version-history":[{"count":13,"href":"https:\/\/geoexperiences.com\/es\/wp-json\/wp\/v2\/pages\/797\/revisions"}],"predecessor-version":[{"id":935,"href":"https:\/\/geoexperiences.com\/es\/wp-json\/wp\/v2\/pages\/797\/revisions\/935"}],"wp:attachment":[{"href":"https:\/\/geoexperiences.com\/es\/wp-json\/wp\/v2\/media?parent=797"}],"curies":[{"name":"wp","href":"https:\/\/api.w.org\/{rel}","templated":true}]}}